{"id":7103,"date":"2025-06-03T18:33:35","date_gmt":"2025-06-03T16:33:35","guid":{"rendered":"https:\/\/www.tenutamaule.com\/prodotto\/eroiconirico\/"},"modified":"2025-06-03T18:33:35","modified_gmt":"2025-06-03T16:33:35","slug":"eroiconirico","status":"publish","type":"product","link":"https:\/\/www.tenutamaule.com\/es\/prodotto\/eroiconirico\/","title":{"rendered":"EROICONIRICO"},"content":{"rendered":"<p>La ind\u00f3mita Durella encuentra su m\u00e1xima expresi\u00f3n en este espumoso ic\u00f3nico, complejo y de car\u00e1cter<\/p>\n","protected":false},"excerpt":{"rendered":"<p>La ind\u00f3mita Durella encuentra su m\u00e1xima expresi\u00f3n en este espumoso ic\u00f3nico, complejo y de car\u00e1cter<\/p>\n","protected":false},"featured_media":7104,"comment_status":"open","ping_status":"closed","template":"","meta":{"_acf_changed":false,"_monsterinsights_skip_tracking":false,"_monsterinsights_sitenote_active":false,"_monsterinsights_sitenote_note":"","_monsterinsights_sitenote_category":0,"_uf_show_specific_survey":0,"_uf_disable_surveys":false},"product_brand":[],"product_cat":[67],"product_tag":[],"class_list":{"0":"post-7103","1":"product","2":"type-product","3":"status-publish","4":"has-post-thumbnail","6":"product_cat-sin-categoria","8":"first","9":"instock","10":"shipping-taxable","11":"purchasable","12":"product-type-simple"},"acf":[],"aioseo_notices":[],"yoast_head":"<!-- This site is optimized with the Yoast SEO plugin v26.5 - https:\/\/yoast.com\/wordpress\/plugins\/seo\/ -->\n<title>EROICONIRICO - Tenuta Maule<\/title>\n<meta name=\"robots\" content=\"index, follow, max-snippet:-1, max-image-preview:large, max-video-preview:-1\" \/>\n<link rel=\"canonical\" href=\"https:\/\/www.tenutamaule.com\/es\/prodotto\/eroiconirico\/\" \/>\n<meta property=\"og:locale\" content=\"es_ES\" \/>\n<meta property=\"og:type\" content=\"article\" \/>\n<meta property=\"og:title\" content=\"EROICONIRICO - Tenuta Maule\" \/>\n<meta property=\"og:description\" content=\"La ind\u00f3mita Durella encuentra su m\u00e1xima expresi\u00f3n en este espumoso ic\u00f3nico, complejo y de car\u00e1cter\" \/>\n<meta property=\"og:url\" content=\"https:\/\/www.tenutamaule.com\/es\/prodotto\/eroiconirico\/\" \/>\n<meta property=\"og:site_name\" content=\"Tenuta Maule\" \/>\n<meta property=\"og:image\" content=\"https:\/\/www.tenutamaule.com\/wp-content\/uploads\/2023\/11\/eroiconirico-web.png\" \/>\n\t<meta property=\"og:image:width\" content=\"329\" \/>\n\t<meta property=\"og:image:height\" content=\"1164\" \/>\n\t<meta property=\"og:image:type\" content=\"image\/png\" \/>\n<meta name=\"twitter:card\" content=\"summary_large_image\" \/>\n<script type=\"application\/ld+json\" class=\"yoast-schema-graph\">{\"@context\":\"https:\/\/schema.org\",\"@graph\":[{\"@type\":\"WebPage\",\"@id\":\"https:\/\/www.tenutamaule.com\/es\/prodotto\/eroiconirico\/\",\"url\":\"https:\/\/www.tenutamaule.com\/es\/prodotto\/eroiconirico\/\",\"name\":\"EROICONIRICO - Tenuta Maule\",\"isPartOf\":{\"@id\":\"https:\/\/www.tenutamaule.com\/es\/#website\"},\"primaryImageOfPage\":{\"@id\":\"https:\/\/www.tenutamaule.com\/es\/prodotto\/eroiconirico\/#primaryimage\"},\"image\":{\"@id\":\"https:\/\/www.tenutamaule.com\/es\/prodotto\/eroiconirico\/#primaryimage\"},\"thumbnailUrl\":\"https:\/\/www.tenutamaule.com\/wp-content\/uploads\/2023\/11\/eroiconirico-web.png\",\"datePublished\":\"2025-06-03T16:33:35+00:00\",\"breadcrumb\":{\"@id\":\"https:\/\/www.tenutamaule.com\/es\/prodotto\/eroiconirico\/#breadcrumb\"},\"inLanguage\":\"es\",\"potentialAction\":[{\"@type\":\"ReadAction\",\"target\":[\"https:\/\/www.tenutamaule.com\/es\/prodotto\/eroiconirico\/\"]}]},{\"@type\":\"ImageObject\",\"inLanguage\":\"es\",\"@id\":\"https:\/\/www.tenutamaule.com\/es\/prodotto\/eroiconirico\/#primaryimage\",\"url\":\"https:\/\/www.tenutamaule.com\/wp-content\/uploads\/2023\/11\/eroiconirico-web.png\",\"contentUrl\":\"https:\/\/www.tenutamaule.com\/wp-content\/uploads\/2023\/11\/eroiconirico-web.png\",\"width\":329,\"height\":1164,\"caption\":\"Botella Eroiconirico - Lessini Durello DOC metodo classico\"},{\"@type\":\"BreadcrumbList\",\"@id\":\"https:\/\/www.tenutamaule.com\/es\/prodotto\/eroiconirico\/#breadcrumb\",\"itemListElement\":[{\"@type\":\"ListItem\",\"position\":1,\"name\":\"Home\",\"item\":\"https:\/\/www.tenutamaule.com\/es\/inicio\/\"},{\"@type\":\"ListItem\",\"position\":2,\"name\":\"Tienda\",\"item\":\"https:\/\/www.tenutamaule.com\/es\/tienda\/\"},{\"@type\":\"ListItem\",\"position\":3,\"name\":\"EROICONIRICO\"}]},{\"@type\":\"WebSite\",\"@id\":\"https:\/\/www.tenutamaule.com\/es\/#website\",\"url\":\"https:\/\/www.tenutamaule.com\/es\/\",\"name\":\"Tenuta Maule\",\"description\":\"Il vino \u00e8 una passione da condividere\",\"publisher\":{\"@id\":\"https:\/\/www.tenutamaule.com\/es\/#organization\"},\"potentialAction\":[{\"@type\":\"SearchAction\",\"target\":{\"@type\":\"EntryPoint\",\"urlTemplate\":\"https:\/\/www.tenutamaule.com\/es\/?s={search_term_string}\"},\"query-input\":{\"@type\":\"PropertyValueSpecification\",\"valueRequired\":true,\"valueName\":\"search_term_string\"}}],\"inLanguage\":\"es\"},{\"@type\":\"Organization\",\"@id\":\"https:\/\/www.tenutamaule.com\/es\/#organization\",\"name\":\"Tenuta Maule\",\"url\":\"https:\/\/www.tenutamaule.com\/es\/\",\"logo\":{\"@type\":\"ImageObject\",\"inLanguage\":\"es\",\"@id\":\"https:\/\/www.tenutamaule.com\/es\/#\/schema\/logo\/image\/\",\"url\":\"https:\/\/focused-sinoussi.37-27-136-151.plesk.page\/wp-content\/uploads\/2023\/07\/TENUTA-MAULE-logocompatto-09.svg\",\"contentUrl\":\"https:\/\/focused-sinoussi.37-27-136-151.plesk.page\/wp-content\/uploads\/2023\/07\/TENUTA-MAULE-logocompatto-09.svg\",\"width\":636,\"height\":330,\"caption\":\"Tenuta Maule\"},\"image\":{\"@id\":\"https:\/\/www.tenutamaule.com\/es\/#\/schema\/logo\/image\/\"}}]}<\/script>\n<!-- \/ Yoast SEO plugin. -->","yoast_head_json":{"title":"EROICONIRICO - Tenuta Maule","robots":{"index":"index","follow":"follow","max-snippet":"max-snippet:-1","max-image-preview":"max-image-preview:large","max-video-preview":"max-video-preview:-1"},"canonical":"https:\/\/www.tenutamaule.com\/es\/prodotto\/eroiconirico\/","og_locale":"es_ES","og_type":"article","og_title":"EROICONIRICO - Tenuta Maule","og_description":"La ind\u00f3mita Durella encuentra su m\u00e1xima expresi\u00f3n en este espumoso ic\u00f3nico, complejo y de car\u00e1cter","og_url":"https:\/\/www.tenutamaule.com\/es\/prodotto\/eroiconirico\/","og_site_name":"Tenuta Maule","og_image":[{"width":329,"height":1164,"url":"https:\/\/www.tenutamaule.com\/wp-content\/uploads\/2023\/11\/eroiconirico-web.png","type":"image\/png"}],"twitter_card":"summary_large_image","schema":{"@context":"https:\/\/schema.org","@graph":[{"@type":"WebPage","@id":"https:\/\/www.tenutamaule.com\/es\/prodotto\/eroiconirico\/","url":"https:\/\/www.tenutamaule.com\/es\/prodotto\/eroiconirico\/","name":"EROICONIRICO - Tenuta Maule","isPartOf":{"@id":"https:\/\/www.tenutamaule.com\/es\/#website"},"primaryImageOfPage":{"@id":"https:\/\/www.tenutamaule.com\/es\/prodotto\/eroiconirico\/#primaryimage"},"image":{"@id":"https:\/\/www.tenutamaule.com\/es\/prodotto\/eroiconirico\/#primaryimage"},"thumbnailUrl":"https:\/\/www.tenutamaule.com\/wp-content\/uploads\/2023\/11\/eroiconirico-web.png","datePublished":"2025-06-03T16:33:35+00:00","breadcrumb":{"@id":"https:\/\/www.tenutamaule.com\/es\/prodotto\/eroiconirico\/#breadcrumb"},"inLanguage":"es","potentialAction":[{"@type":"ReadAction","target":["https:\/\/www.tenutamaule.com\/es\/prodotto\/eroiconirico\/"]}]},{"@type":"ImageObject","inLanguage":"es","@id":"https:\/\/www.tenutamaule.com\/es\/prodotto\/eroiconirico\/#primaryimage","url":"https:\/\/www.tenutamaule.com\/wp-content\/uploads\/2023\/11\/eroiconirico-web.png","contentUrl":"https:\/\/www.tenutamaule.com\/wp-content\/uploads\/2023\/11\/eroiconirico-web.png","width":329,"height":1164,"caption":"Botella Eroiconirico - Lessini Durello DOC metodo classico"},{"@type":"BreadcrumbList","@id":"https:\/\/www.tenutamaule.com\/es\/prodotto\/eroiconirico\/#breadcrumb","itemListElement":[{"@type":"ListItem","position":1,"name":"Home","item":"https:\/\/www.tenutamaule.com\/es\/inicio\/"},{"@type":"ListItem","position":2,"name":"Tienda","item":"https:\/\/www.tenutamaule.com\/es\/tienda\/"},{"@type":"ListItem","position":3,"name":"EROICONIRICO"}]},{"@type":"WebSite","@id":"https:\/\/www.tenutamaule.com\/es\/#website","url":"https:\/\/www.tenutamaule.com\/es\/","name":"Tenuta Maule","description":"Il vino \u00e8 una passione da condividere","publisher":{"@id":"https:\/\/www.tenutamaule.com\/es\/#organization"},"potentialAction":[{"@type":"SearchAction","target":{"@type":"EntryPoint","urlTemplate":"https:\/\/www.tenutamaule.com\/es\/?s={search_term_string}"},"query-input":{"@type":"PropertyValueSpecification","valueRequired":true,"valueName":"search_term_string"}}],"inLanguage":"es"},{"@type":"Organization","@id":"https:\/\/www.tenutamaule.com\/es\/#organization","name":"Tenuta Maule","url":"https:\/\/www.tenutamaule.com\/es\/","logo":{"@type":"ImageObject","inLanguage":"es","@id":"https:\/\/www.tenutamaule.com\/es\/#\/schema\/logo\/image\/","url":"https:\/\/focused-sinoussi.37-27-136-151.plesk.page\/wp-content\/uploads\/2023\/07\/TENUTA-MAULE-logocompatto-09.svg","contentUrl":"https:\/\/focused-sinoussi.37-27-136-151.plesk.page\/wp-content\/uploads\/2023\/07\/TENUTA-MAULE-logocompatto-09.svg","width":636,"height":330,"caption":"Tenuta Maule"},"image":{"@id":"https:\/\/www.tenutamaule.com\/es\/#\/schema\/logo\/image\/"}}]}},"_links":{"self":[{"href":"https:\/\/www.tenutamaule.com\/es\/wp-json\/wp\/v2\/product\/7103","targetHints":{"allow":["GET"]}}],"collection":[{"href":"https:\/\/www.tenutamaule.com\/es\/wp-json\/wp\/v2\/product"}],"about":[{"href":"https:\/\/www.tenutamaule.com\/es\/wp-json\/wp\/v2\/types\/product"}],"replies":[{"embeddable":true,"href":"https:\/\/www.tenutamaule.com\/es\/wp-json\/wp\/v2\/comments?post=7103"}],"wp:featuredmedia":[{"embeddable":true,"href":"https:\/\/www.tenutamaule.com\/es\/wp-json\/wp\/v2\/media\/7104"}],"wp:attachment":[{"href":"https:\/\/www.tenutamaule.com\/es\/wp-json\/wp\/v2\/media?parent=7103"}],"wp:term":[{"taxonomy":"product_brand","embeddable":true,"href":"https:\/\/www.tenutamaule.com\/es\/wp-json\/wp\/v2\/product_brand?post=7103"},{"taxonomy":"product_cat","embeddable":true,"href":"https:\/\/www.tenutamaule.com\/es\/wp-json\/wp\/v2\/product_cat?post=7103"},{"taxonomy":"product_tag","embeddable":true,"href":"https:\/\/www.tenutamaule.com\/es\/wp-json\/wp\/v2\/product_tag?post=7103"}],"curies":[{"name":"wp","href":"https:\/\/api.w.org\/{rel}","templated":true}]}}