{"id":7107,"date":"2025-09-04T17:19:05","date_gmt":"2025-09-04T15:19:05","guid":{"rendered":"https:\/\/www.tenutamaule.com\/weingut\/"},"modified":"2026-01-15T14:24:12","modified_gmt":"2026-01-15T13:24:12","slug":"weingut","status":"publish","type":"page","link":"https:\/\/www.tenutamaule.com\/de\/weingut\/","title":{"rendered":"Weingut"},"content":{"rendered":"\t\t<div data-elementor-type=\"wp-page\" data-elementor-id=\"7107\" class=\"elementor elementor-7107 elementor-5464\" data-elementor-post-type=\"page\">\n\t\t\t\t<div class=\"elementor-element elementor-element-1c3e711 e-flex e-con-boxed e-con e-parent\" data-id=\"1c3e711\" data-element_type=\"container\" data-settings=\"{&quot;background_background&quot;:&quot;classic&quot;}\">\n\t\t\t\t\t<div class=\"e-con-inner\">\n\t\t\t\t\t<\/div>\n\t\t\t\t<\/div>\n\t\t<div class=\"elementor-element elementor-element-01341ea e-flex e-con-boxed e-con e-parent\" data-id=\"01341ea\" data-element_type=\"container\" data-settings=\"{&quot;background_background&quot;:&quot;classic&quot;}\">\n\t\t\t\t\t<div class=\"e-con-inner\">\n\t\t<div class=\"elementor-element elementor-element-591c842 e-con-full e-flex e-con e-child\" data-id=\"591c842\" data-element_type=\"container\">\n\t\t<div class=\"elementor-element elementor-element-871c3fb e-con-full e-flex e-con e-child\" data-id=\"871c3fb\" data-element_type=\"container\">\n\t\t\t\t<div class=\"elementor-element elementor-element-58380ff elementor-widget elementor-widget-heading\" data-id=\"58380ff\" data-element_type=\"widget\" data-widget_type=\"heading.default\">\n\t\t\t\t<div class=\"elementor-widget-container\">\n\t\t\t\t\t<h2 class=\"elementor-heading-title elementor-size-default\">ORT, <br>GESCHICHTE, FAMILIE<\/h2>\t\t\t\t<\/div>\n\t\t\t\t<\/div>\n\t\t<div class=\"elementor-element elementor-element-3c1879c e-con-full e-flex e-con e-child\" data-id=\"3c1879c\" data-element_type=\"container\">\n\t\t\t\t<div class=\"elementor-element elementor-element-10cacd5 elementor-widget-divider--view-line_icon elementor-widget-divider--element-align-left elementor-widget__width-initial elementor-view-default elementor-widget elementor-widget-divider\" data-id=\"10cacd5\" data-element_type=\"widget\" data-widget_type=\"divider.default\">\n\t\t\t\t<div class=\"elementor-widget-container\">\n\t\t\t\t\t\t\t<div class=\"elementor-divider\">\n\t\t\t<span class=\"elementor-divider-separator\">\n\t\t\t\t\t\t\t<div class=\"elementor-icon elementor-divider__element\">\n\t\t\t\t\t<svg aria-hidden=\"true\" class=\"e-font-icon-svg e-fas-circle\" viewBox=\"0 0 512 512\" xmlns=\"http:\/\/www.w3.org\/2000\/svg\"><path d=\"M256 8C119 8 8 119 8 256s111 248 248 248 248-111 248-248S393 8 256 8z\"><\/path><\/svg><\/div>\n\t\t\t\t\t\t<\/span>\n\t\t<\/div>\n\t\t\t\t\t\t<\/div>\n\t\t\t\t<\/div>\n\t\t\t\t<\/div>\n\t\t\t\t<div class=\"elementor-element elementor-element-6773451 elementor-widget elementor-widget-text-editor\" data-id=\"6773451\" data-element_type=\"widget\" data-widget_type=\"text-editor.default\">\n\t\t\t\t<div class=\"elementor-widget-container\">\n\t\t\t\t\t\t\t\t\t<p><span style=\"font-weight: 400;\">Die Tenuta Maule befindet sich in Selva di Montebello, in einem der berufensten Weinanbaugebiete des Veneto. Seit f\u00fcnf Generationen kultiviert die Familie Maule die Reben mit Leidenschaft und Respekt. <\/span><span style=\"font-weight: 400;\"><br><\/span><span style=\"font-weight: 400;\">Im Jahr 2021 haben wir eine neue umweltfreundliche Kellerei er\u00f6ffnet, die die Produktionsprozesse optimieren und den Besuchern ein einzigartiges Erlebnis bieten soll.<\/span><span style=\"font-weight: 400;\"><br><\/span><span style=\"font-weight: 400;\">Essentielle Architektur, Funktionalit\u00e4t, Design und Natur: aus l\u00e4ndlichen Wurzeln entsteht eine moderne Realit\u00e4t, die die klassische Produktion mit der Erforschung widerstandsf\u00e4higer Reben und nachhaltiger Technologien verbindet.<\/span><span style=\"font-weight: 400;\"><br><\/span><span style=\"font-weight: 400;\"><br><\/span><span style=\"font-weight: 400;\">Das neue Weingut ist der H\u00f6hepunkt einer Familienreise: Es wurde geschaffen, um unserer Marke Identit\u00e4t zu verleihen und die Weine von Tenuta Maule auf dem Markt zu pr\u00e4sentieren. Sie ist unserem Vater gewidmet, einem leidenschaftlichen Winzer, der uns seine Liebe zu diesem Land und seinen Respekt f\u00fcr die Weinberge weitergegeben hat, die wir auch heute noch bewirtschaften. <\/span><\/p>\t\t\t\t\t\t\t\t<\/div>\n\t\t\t\t<\/div>\n\t\t\t\t<div class=\"elementor-element elementor-element-a0ba853 elementor-widget elementor-widget-button\" data-id=\"a0ba853\" data-element_type=\"widget\" data-widget_type=\"button.default\">\n\t\t\t\t<div class=\"elementor-widget-container\">\n\t\t\t\t\t\t\t\t\t<div class=\"elementor-button-wrapper\">\n\t\t\t\t\t<a class=\"elementor-button elementor-button-link elementor-size-sm\" href=\"https:\/\/www.tenutamaule.com\/de\/shop\/\">\n\t\t\t\t\t\t<span class=\"elementor-button-content-wrapper\">\n\t\t\t\t\t\t\t\t\t<span class=\"elementor-button-text\">Entdecken Sie unsere Weine<\/span>\n\t\t\t\t\t<\/span>\n\t\t\t\t\t<\/a>\n\t\t\t\t<\/div>\n\t\t\t\t\t\t\t\t<\/div>\n\t\t\t\t<\/div>\n\t\t\t\t<\/div>\n\t\t<div class=\"elementor-element elementor-element-0ba2599 e-con-full trigger-hover e-flex e-con e-child\" data-id=\"0ba2599\" data-element_type=\"container\">\n\t\t<div class=\"elementor-element elementor-element-9b8ba26 e-con-full bordo-hover e-flex e-con e-child\" data-id=\"9b8ba26\" data-element_type=\"container\" data-settings=\"{&quot;position&quot;:&quot;absolute&quot;}\">\n\t\t\t\t<\/div>\n\t\t\t\t<div class=\"elementor-element elementor-element-b67fa44 elementor-pagination-position-inside elementor-widget elementor-widget-image-carousel\" data-id=\"b67fa44\" data-element_type=\"widget\" data-settings=\"{&quot;slides_to_show&quot;:&quot;1&quot;,&quot;navigation&quot;:&quot;dots&quot;,&quot;autoplay&quot;:&quot;yes&quot;,&quot;pause_on_hover&quot;:&quot;yes&quot;,&quot;pause_on_interaction&quot;:&quot;yes&quot;,&quot;autoplay_speed&quot;:5000,&quot;infinite&quot;:&quot;yes&quot;,&quot;effect&quot;:&quot;slide&quot;,&quot;speed&quot;:500}\" data-widget_type=\"image-carousel.default\">\n\t\t\t\t<div class=\"elementor-widget-container\">\n\t\t\t\t\t\t\t<div class=\"elementor-image-carousel-wrapper swiper\" role=\"region\" aria-roledescription=\"carousel\" aria-label=\"Carosello d&#039;immagini\" dir=\"ltr\">\n\t\t\t<div class=\"elementor-image-carousel swiper-wrapper\" aria-live=\"off\">\n\t\t\t\t\t\t\t\t<div class=\"swiper-slide\" role=\"group\" aria-roledescription=\"slide\" aria-label=\"1 von 3\"><figure class=\"swiper-slide-inner\"><img decoding=\"async\" class=\"swiper-slide-image\" src=\"https:\/\/www.tenutamaule.com\/wp-content\/uploads\/2025\/09\/DJI_0031-scaled.jpg\" alt=\"DJI_0031\" \/><\/figure><\/div><div class=\"swiper-slide\" role=\"group\" aria-roledescription=\"slide\" aria-label=\"2 von 3\"><figure class=\"swiper-slide-inner\"><img decoding=\"async\" class=\"swiper-slide-image\" src=\"https:\/\/www.tenutamaule.com\/wp-content\/uploads\/2025\/09\/immagini-maule_Tavola-disegno-1-1-4.png\" alt=\"Bilder maule_table Zeichnung 1 1\" \/><\/figure><\/div><div class=\"swiper-slide\" role=\"group\" aria-roledescription=\"slide\" aria-label=\"3 von 3\"><figure class=\"swiper-slide-inner\"><img decoding=\"async\" class=\"swiper-slide-image\" src=\"https:\/\/www.tenutamaule.com\/wp-content\/uploads\/2025\/09\/Tenuta-Maule-20254312-1-scaled.jpg\" alt=\"Maule Estate 20254312 (1)\" \/><\/figure><\/div>\t\t\t<\/div>\n\t\t\t\t\t\t\t\n\t\t\t\t\t\t\t\t\t<div class=\"swiper-pagination\"><\/div>\n\t\t\t\t\t\t\t\t\t<\/div>\n\t\t\t\t\t\t<\/div>\n\t\t\t\t<\/div>\n\t\t\t\t<\/div>\n\t\t\t\t<\/div>\n\t\t\t\t\t<\/div>\n\t\t\t\t<\/div>\n\t\t<div class=\"elementor-element elementor-element-a3500c6 e-con-full elementor-hidden-mobile e-flex e-con e-parent\" data-id=\"a3500c6\" data-element_type=\"container\" data-settings=\"{&quot;background_background&quot;:&quot;classic&quot;}\">\n\t\t\t\t<\/div>\n\t\t<div class=\"elementor-element elementor-element-d71cb8c e-con-full e-flex e-con e-parent\" data-id=\"d71cb8c\" data-element_type=\"container\" data-settings=\"{&quot;background_background&quot;:&quot;classic&quot;}\">\n\t\t\t\t<\/div>\n\t\t<div class=\"elementor-element elementor-element-7b1bb14 e-con-full elementor-hidden-mobile e-flex e-con e-parent\" data-id=\"7b1bb14\" data-element_type=\"container\" data-settings=\"{&quot;background_background&quot;:&quot;classic&quot;}\">\n\t\t\t\t<\/div>\n\t\t<div class=\"elementor-element elementor-element-6e62fca e-flex e-con-boxed e-con e-parent\" data-id=\"6e62fca\" data-element_type=\"container\" data-settings=\"{&quot;background_background&quot;:&quot;classic&quot;}\">\n\t\t\t\t\t<div class=\"e-con-inner\">\n\t\t<div class=\"elementor-element elementor-element-800e111 e-con-full e-flex e-con e-child\" data-id=\"800e111\" data-element_type=\"container\">\n\t\t<div class=\"elementor-element elementor-element-2abec38 e-con-full e-flex e-con e-child\" data-id=\"2abec38\" data-element_type=\"container\">\n\t\t\t\t<div class=\"elementor-element elementor-element-54530fa elementor-widget elementor-widget-heading\" data-id=\"54530fa\" data-element_type=\"widget\" data-widget_type=\"heading.default\">\n\t\t\t\t<div class=\"elementor-widget-container\">\n\t\t\t\t\t<h2 class=\"elementor-heading-title elementor-size-default\">PRODUKTION UND TECHNOLOGIE<\/h2>\t\t\t\t<\/div>\n\t\t\t\t<\/div>\n\t\t<div class=\"elementor-element elementor-element-8c59964 e-con-full e-flex e-con e-child\" data-id=\"8c59964\" data-element_type=\"container\">\n\t\t\t\t<div class=\"elementor-element elementor-element-44d9d9c elementor-widget-divider--view-line_icon elementor-widget-divider--element-align-right elementor-widget__width-initial elementor-view-default elementor-widget elementor-widget-divider\" data-id=\"44d9d9c\" data-element_type=\"widget\" data-widget_type=\"divider.default\">\n\t\t\t\t<div class=\"elementor-widget-container\">\n\t\t\t\t\t\t\t<div class=\"elementor-divider\">\n\t\t\t<span class=\"elementor-divider-separator\">\n\t\t\t\t\t\t\t<div class=\"elementor-icon elementor-divider__element\">\n\t\t\t\t\t<svg aria-hidden=\"true\" class=\"e-font-icon-svg e-fas-circle\" viewBox=\"0 0 512 512\" xmlns=\"http:\/\/www.w3.org\/2000\/svg\"><path d=\"M256 8C119 8 8 119 8 256s111 248 248 248 248-111 248-248S393 8 256 8z\"><\/path><\/svg><\/div>\n\t\t\t\t\t\t<\/span>\n\t\t<\/div>\n\t\t\t\t\t\t<\/div>\n\t\t\t\t<\/div>\n\t\t\t\t<\/div>\n\t\t\t\t<div class=\"elementor-element elementor-element-266d876 elementor-widget elementor-widget-text-editor\" data-id=\"266d876\" data-element_type=\"widget\" data-widget_type=\"text-editor.default\">\n\t\t\t\t<div class=\"elementor-widget-container\">\n\t\t\t\t\t\t\t\t\t<p><span style=\"font-weight: 400;\">Wir arbeiten nach den Kriterien der Pr\u00e4zision und Nachhaltigkeit.<\/span><span style=\"font-weight: 400;\"><br><\/span><span style=\"font-weight: 400;\">Wir \u00fcberwachen jede Phase der Weinherstellung mit fortschrittlichen digitalen Tools, reduzieren den Abfall und verbessern jede Mikro-Charge.<\/span><span style=\"font-weight: 400;\"><br><\/span><span style=\"font-weight: 400;\">Wir haben uns f\u00fcr PIWI-Reben entschieden, um den Einsatz von Pestiziden drastisch zu reduzieren und gleichzeitig die aromatische Integrit\u00e4t und Frische zu erhalten.<\/span><span style=\"font-weight: 400;\"><br><\/span><span style=\"font-weight: 400;\">Jeder Wein entsteht aus der Begegnung zwischen technischer Strenge, Respekt f\u00fcr das Land und echter Leidenschaft.<\/span><\/p>\t\t\t\t\t\t\t\t<\/div>\n\t\t\t\t<\/div>\n\t\t\t\t<div class=\"elementor-element elementor-element-f84b231 elementor-widget elementor-widget-button\" data-id=\"f84b231\" data-element_type=\"widget\" data-widget_type=\"button.default\">\n\t\t\t\t<div class=\"elementor-widget-container\">\n\t\t\t\t\t\t\t\t\t<div class=\"elementor-button-wrapper\">\n\t\t\t\t\t<a class=\"elementor-button elementor-button-link elementor-size-sm\" href=\"#\">\n\t\t\t\t\t\t<span class=\"elementor-button-content-wrapper\">\n\t\t\t\t\t\t\t\t\t<span class=\"elementor-button-text\">Entdecken Sie die Piwi-Weine<\/span>\n\t\t\t\t\t<\/span>\n\t\t\t\t\t<\/a>\n\t\t\t\t<\/div>\n\t\t\t\t\t\t\t\t<\/div>\n\t\t\t\t<\/div>\n\t\t\t\t<\/div>\n\t\t<div class=\"elementor-element elementor-element-ea6f006 e-con-full trigger-hover-right e-flex e-con e-child\" data-id=\"ea6f006\" data-element_type=\"container\">\n\t\t<div class=\"elementor-element elementor-element-59ba869 e-con-full bordo-hover-right e-flex e-con e-child\" data-id=\"59ba869\" data-element_type=\"container\" data-settings=\"{&quot;position&quot;:&quot;absolute&quot;}\">\n\t\t\t\t<\/div>\n\t\t\t\t<div class=\"elementor-element elementor-element-c52e28e elementor-pagination-position-inside elementor-widget elementor-widget-image-carousel\" data-id=\"c52e28e\" data-element_type=\"widget\" data-settings=\"{&quot;slides_to_show&quot;:&quot;1&quot;,&quot;navigation&quot;:&quot;dots&quot;,&quot;autoplay&quot;:&quot;yes&quot;,&quot;pause_on_hover&quot;:&quot;yes&quot;,&quot;pause_on_interaction&quot;:&quot;yes&quot;,&quot;autoplay_speed&quot;:5000,&quot;infinite&quot;:&quot;yes&quot;,&quot;effect&quot;:&quot;slide&quot;,&quot;speed&quot;:500}\" data-widget_type=\"image-carousel.default\">\n\t\t\t\t<div class=\"elementor-widget-container\">\n\t\t\t\t\t\t\t<div class=\"elementor-image-carousel-wrapper swiper\" role=\"region\" aria-roledescription=\"carousel\" aria-label=\"Carosello d&#039;immagini\" dir=\"ltr\">\n\t\t\t<div class=\"elementor-image-carousel swiper-wrapper\" aria-live=\"off\">\n\t\t\t\t\t\t\t\t<div class=\"swiper-slide\" role=\"group\" aria-roledescription=\"slide\" aria-label=\"1 von 3\"><figure class=\"swiper-slide-inner\"><img decoding=\"async\" class=\"swiper-slide-image\" src=\"https:\/\/www.tenutamaule.com\/wp-content\/uploads\/2025\/09\/STK_9366-scaled.jpg\" alt=\"STK_9366\" \/><\/figure><\/div><div class=\"swiper-slide\" role=\"group\" aria-roledescription=\"slide\" aria-label=\"2 von 3\"><figure class=\"swiper-slide-inner\"><img decoding=\"async\" class=\"swiper-slide-image\" src=\"https:\/\/www.tenutamaule.com\/wp-content\/uploads\/2025\/09\/Tenuta-Maule-20254402-scaled.jpg\" alt=\"Maule Estate 20254402\" \/><\/figure><\/div><div class=\"swiper-slide\" role=\"group\" aria-roledescription=\"slide\" aria-label=\"3 von 3\"><figure class=\"swiper-slide-inner\"><img decoding=\"async\" class=\"swiper-slide-image\" src=\"https:\/\/www.tenutamaule.com\/wp-content\/uploads\/2025\/09\/immagini-maule_Tavola-disegno-1-1-5.png\" alt=\"Bilder maule_table Zeichnung 1 1\" \/><\/figure><\/div>\t\t\t<\/div>\n\t\t\t\t\t\t\t\n\t\t\t\t\t\t\t\t\t<div class=\"swiper-pagination\"><\/div>\n\t\t\t\t\t\t\t\t\t<\/div>\n\t\t\t\t\t\t<\/div>\n\t\t\t\t<\/div>\n\t\t\t\t<\/div>\n\t\t\t\t<\/div>\n\t\t\t\t\t<\/div>\n\t\t\t\t<\/div>\n\t\t<div class=\"elementor-element elementor-element-b4b7b42 e-con-full elementor-hidden-mobile e-flex e-con e-parent\" data-id=\"b4b7b42\" data-element_type=\"container\" data-settings=\"{&quot;background_background&quot;:&quot;classic&quot;}\">\n\t\t\t\t<\/div>\n\t\t<div class=\"elementor-element elementor-element-de18a56 e-con-full e-flex e-con e-parent\" data-id=\"de18a56\" data-element_type=\"container\" data-settings=\"{&quot;background_background&quot;:&quot;classic&quot;}\">\n\t\t\t\t<\/div>\n\t\t<div class=\"elementor-element elementor-element-2cafef9 e-con-full elementor-hidden-mobile e-flex e-con e-parent\" data-id=\"2cafef9\" data-element_type=\"container\" data-settings=\"{&quot;background_background&quot;:&quot;classic&quot;}\">\n\t\t\t\t<\/div>\n\t\t<div class=\"elementor-element elementor-element-e6a301c e-flex e-con-boxed e-con e-parent\" data-id=\"e6a301c\" data-element_type=\"container\" data-settings=\"{&quot;background_background&quot;:&quot;classic&quot;}\">\n\t\t\t\t\t<div class=\"e-con-inner\">\n\t\t\t\t\t<\/div>\n\t\t\t\t<\/div>\n\t\t\t\t<\/div>\n\t\t","protected":false},"excerpt":{"rendered":"<p>ORT, GESCHICHTE, FAMILIE Die Tenuta Maule befindet sich in Selva di Montebello, in einem der berufensten Weinanbaugebiete des Veneto. Seit f\u00fcnf Generationen kultiviert die Familie Maule die Reben mit Leidenschaft und Respekt. Im Jahr 2021 haben wir eine neue umweltfreundliche Kellerei er\u00f6ffnet, die die Produktionsprozesse optimieren und den Besuchern ein einzigartiges Erlebnis bieten soll.Essentielle Architektur, [&hellip;]<\/p>\n","protected":false},"author":11,"featured_media":0,"parent":0,"menu_order":0,"comment_status":"closed","ping_status":"closed","template":"","meta":{"_acf_changed":false,"_monsterinsights_skip_tracking":false,"_monsterinsights_sitenote_active":false,"_monsterinsights_sitenote_note":"","_monsterinsights_sitenote_category":0,"_uf_show_specific_survey":0,"_uf_disable_surveys":false,"footnotes":""},"class_list":["post-7107","page","type-page","status-publish","hentry"],"acf":[],"yoast_head":"<!-- This site is optimized with the Yoast SEO plugin v26.5 - https:\/\/yoast.com\/wordpress\/plugins\/seo\/ -->\n<title>Weingut - Tenuta Maule<\/title>\n<meta name=\"robots\" content=\"index, follow, max-snippet:-1, max-image-preview:large, max-video-preview:-1\" \/>\n<link rel=\"canonical\" href=\"https:\/\/www.tenutamaule.com\/de\/weingut\/\" \/>\n<meta property=\"og:locale\" content=\"de_DE\" \/>\n<meta property=\"og:type\" content=\"article\" \/>\n<meta property=\"og:title\" content=\"Weingut - Tenuta Maule\" \/>\n<meta property=\"og:description\" content=\"ORT, GESCHICHTE, FAMILIE Die Tenuta Maule befindet sich in Selva di Montebello, in einem der berufensten Weinanbaugebiete des Veneto. Seit f\u00fcnf Generationen kultiviert die Familie Maule die Reben mit Leidenschaft und Respekt. Im Jahr 2021 haben wir eine neue umweltfreundliche Kellerei er\u00f6ffnet, die die Produktionsprozesse optimieren und den Besuchern ein einzigartiges Erlebnis bieten soll.Essentielle Architektur, [&hellip;]\" \/>\n<meta property=\"og:url\" content=\"https:\/\/www.tenutamaule.com\/de\/weingut\/\" \/>\n<meta property=\"og:site_name\" content=\"Tenuta Maule\" \/>\n<meta property=\"article:modified_time\" content=\"2026-01-15T13:24:12+00:00\" \/>\n<meta property=\"og:image\" content=\"https:\/\/www.tenutamaule.com\/wp-content\/uploads\/2025\/09\/DJI_0031-scaled.jpg\" \/>\n<meta name=\"twitter:card\" content=\"summary_large_image\" \/>\n<meta name=\"twitter:label1\" content=\"Gesch\u00e4tzte Lesezeit\" \/>\n\t<meta name=\"twitter:data1\" content=\"1\u00a0Minute\" \/>\n<script type=\"application\/ld+json\" class=\"yoast-schema-graph\">{\"@context\":\"https:\/\/schema.org\",\"@graph\":[{\"@type\":\"WebPage\",\"@id\":\"https:\/\/www.tenutamaule.com\/de\/weingut\/\",\"url\":\"https:\/\/www.tenutamaule.com\/de\/weingut\/\",\"name\":\"Weingut - Tenuta Maule\",\"isPartOf\":{\"@id\":\"https:\/\/www.tenutamaule.com\/de\/#website\"},\"primaryImageOfPage\":{\"@id\":\"https:\/\/www.tenutamaule.com\/de\/weingut\/#primaryimage\"},\"image\":{\"@id\":\"https:\/\/www.tenutamaule.com\/de\/weingut\/#primaryimage\"},\"thumbnailUrl\":\"https:\/\/www.tenutamaule.com\/wp-content\/uploads\/2025\/09\/DJI_0031-scaled.jpg\",\"datePublished\":\"2025-09-04T15:19:05+00:00\",\"dateModified\":\"2026-01-15T13:24:12+00:00\",\"breadcrumb\":{\"@id\":\"https:\/\/www.tenutamaule.com\/de\/weingut\/#breadcrumb\"},\"inLanguage\":\"de\",\"potentialAction\":[{\"@type\":\"ReadAction\",\"target\":[\"https:\/\/www.tenutamaule.com\/de\/weingut\/\"]}]},{\"@type\":\"ImageObject\",\"inLanguage\":\"de\",\"@id\":\"https:\/\/www.tenutamaule.com\/de\/weingut\/#primaryimage\",\"url\":\"https:\/\/www.tenutamaule.com\/wp-content\/uploads\/2025\/09\/DJI_0031-scaled.jpg\",\"contentUrl\":\"https:\/\/www.tenutamaule.com\/wp-content\/uploads\/2025\/09\/DJI_0031-scaled.jpg\"},{\"@type\":\"BreadcrumbList\",\"@id\":\"https:\/\/www.tenutamaule.com\/de\/weingut\/#breadcrumb\",\"itemListElement\":[{\"@type\":\"ListItem\",\"position\":1,\"name\":\"Home\",\"item\":\"https:\/\/www.tenutamaule.com\/de\/startseite\/\"},{\"@type\":\"ListItem\",\"position\":2,\"name\":\"Weingut\"}]},{\"@type\":\"WebSite\",\"@id\":\"https:\/\/www.tenutamaule.com\/de\/#website\",\"url\":\"https:\/\/www.tenutamaule.com\/de\/\",\"name\":\"Tenuta Maule\",\"description\":\"Il vino \u00e8 una passione da condividere\",\"publisher\":{\"@id\":\"https:\/\/www.tenutamaule.com\/de\/#organization\"},\"potentialAction\":[{\"@type\":\"SearchAction\",\"target\":{\"@type\":\"EntryPoint\",\"urlTemplate\":\"https:\/\/www.tenutamaule.com\/de\/?s={search_term_string}\"},\"query-input\":{\"@type\":\"PropertyValueSpecification\",\"valueRequired\":true,\"valueName\":\"search_term_string\"}}],\"inLanguage\":\"de\"},{\"@type\":\"Organization\",\"@id\":\"https:\/\/www.tenutamaule.com\/de\/#organization\",\"name\":\"Tenuta Maule\",\"url\":\"https:\/\/www.tenutamaule.com\/de\/\",\"logo\":{\"@type\":\"ImageObject\",\"inLanguage\":\"de\",\"@id\":\"https:\/\/www.tenutamaule.com\/de\/#\/schema\/logo\/image\/\",\"url\":\"https:\/\/focused-sinoussi.37-27-136-151.plesk.page\/wp-content\/uploads\/2023\/07\/TENUTA-MAULE-logocompatto-09.svg\",\"contentUrl\":\"https:\/\/focused-sinoussi.37-27-136-151.plesk.page\/wp-content\/uploads\/2023\/07\/TENUTA-MAULE-logocompatto-09.svg\",\"width\":636,\"height\":330,\"caption\":\"Tenuta Maule\"},\"image\":{\"@id\":\"https:\/\/www.tenutamaule.com\/de\/#\/schema\/logo\/image\/\"}}]}<\/script>\n<!-- \/ Yoast SEO plugin. -->","yoast_head_json":{"title":"Weingut - Tenuta Maule","robots":{"index":"index","follow":"follow","max-snippet":"max-snippet:-1","max-image-preview":"max-image-preview:large","max-video-preview":"max-video-preview:-1"},"canonical":"https:\/\/www.tenutamaule.com\/de\/weingut\/","og_locale":"de_DE","og_type":"article","og_title":"Weingut - Tenuta Maule","og_description":"ORT, GESCHICHTE, FAMILIE Die Tenuta Maule befindet sich in Selva di Montebello, in einem der berufensten Weinanbaugebiete des Veneto. Seit f\u00fcnf Generationen kultiviert die Familie Maule die Reben mit Leidenschaft und Respekt. Im Jahr 2021 haben wir eine neue umweltfreundliche Kellerei er\u00f6ffnet, die die Produktionsprozesse optimieren und den Besuchern ein einzigartiges Erlebnis bieten soll.Essentielle Architektur, [&hellip;]","og_url":"https:\/\/www.tenutamaule.com\/de\/weingut\/","og_site_name":"Tenuta Maule","article_modified_time":"2026-01-15T13:24:12+00:00","og_image":[{"url":"https:\/\/www.tenutamaule.com\/wp-content\/uploads\/2025\/09\/DJI_0031-scaled.jpg","type":"","width":"","height":""}],"twitter_card":"summary_large_image","twitter_misc":{"Gesch\u00e4tzte Lesezeit":"1\u00a0Minute"},"schema":{"@context":"https:\/\/schema.org","@graph":[{"@type":"WebPage","@id":"https:\/\/www.tenutamaule.com\/de\/weingut\/","url":"https:\/\/www.tenutamaule.com\/de\/weingut\/","name":"Weingut - Tenuta Maule","isPartOf":{"@id":"https:\/\/www.tenutamaule.com\/de\/#website"},"primaryImageOfPage":{"@id":"https:\/\/www.tenutamaule.com\/de\/weingut\/#primaryimage"},"image":{"@id":"https:\/\/www.tenutamaule.com\/de\/weingut\/#primaryimage"},"thumbnailUrl":"https:\/\/www.tenutamaule.com\/wp-content\/uploads\/2025\/09\/DJI_0031-scaled.jpg","datePublished":"2025-09-04T15:19:05+00:00","dateModified":"2026-01-15T13:24:12+00:00","breadcrumb":{"@id":"https:\/\/www.tenutamaule.com\/de\/weingut\/#breadcrumb"},"inLanguage":"de","potentialAction":[{"@type":"ReadAction","target":["https:\/\/www.tenutamaule.com\/de\/weingut\/"]}]},{"@type":"ImageObject","inLanguage":"de","@id":"https:\/\/www.tenutamaule.com\/de\/weingut\/#primaryimage","url":"https:\/\/www.tenutamaule.com\/wp-content\/uploads\/2025\/09\/DJI_0031-scaled.jpg","contentUrl":"https:\/\/www.tenutamaule.com\/wp-content\/uploads\/2025\/09\/DJI_0031-scaled.jpg"},{"@type":"BreadcrumbList","@id":"https:\/\/www.tenutamaule.com\/de\/weingut\/#breadcrumb","itemListElement":[{"@type":"ListItem","position":1,"name":"Home","item":"https:\/\/www.tenutamaule.com\/de\/startseite\/"},{"@type":"ListItem","position":2,"name":"Weingut"}]},{"@type":"WebSite","@id":"https:\/\/www.tenutamaule.com\/de\/#website","url":"https:\/\/www.tenutamaule.com\/de\/","name":"Tenuta Maule","description":"Il vino \u00e8 una passione da condividere","publisher":{"@id":"https:\/\/www.tenutamaule.com\/de\/#organization"},"potentialAction":[{"@type":"SearchAction","target":{"@type":"EntryPoint","urlTemplate":"https:\/\/www.tenutamaule.com\/de\/?s={search_term_string}"},"query-input":{"@type":"PropertyValueSpecification","valueRequired":true,"valueName":"search_term_string"}}],"inLanguage":"de"},{"@type":"Organization","@id":"https:\/\/www.tenutamaule.com\/de\/#organization","name":"Tenuta Maule","url":"https:\/\/www.tenutamaule.com\/de\/","logo":{"@type":"ImageObject","inLanguage":"de","@id":"https:\/\/www.tenutamaule.com\/de\/#\/schema\/logo\/image\/","url":"https:\/\/focused-sinoussi.37-27-136-151.plesk.page\/wp-content\/uploads\/2023\/07\/TENUTA-MAULE-logocompatto-09.svg","contentUrl":"https:\/\/focused-sinoussi.37-27-136-151.plesk.page\/wp-content\/uploads\/2023\/07\/TENUTA-MAULE-logocompatto-09.svg","width":636,"height":330,"caption":"Tenuta Maule"},"image":{"@id":"https:\/\/www.tenutamaule.com\/de\/#\/schema\/logo\/image\/"}}]}},"_links":{"self":[{"href":"https:\/\/www.tenutamaule.com\/de\/wp-json\/wp\/v2\/pages\/7107","targetHints":{"allow":["GET"]}}],"collection":[{"href":"https:\/\/www.tenutamaule.com\/de\/wp-json\/wp\/v2\/pages"}],"about":[{"href":"https:\/\/www.tenutamaule.com\/de\/wp-json\/wp\/v2\/types\/page"}],"author":[{"embeddable":true,"href":"https:\/\/www.tenutamaule.com\/de\/wp-json\/wp\/v2\/users\/11"}],"replies":[{"embeddable":true,"href":"https:\/\/www.tenutamaule.com\/de\/wp-json\/wp\/v2\/comments?post=7107"}],"version-history":[{"count":0,"href":"https:\/\/www.tenutamaule.com\/de\/wp-json\/wp\/v2\/pages\/7107\/revisions"}],"wp:attachment":[{"href":"https:\/\/www.tenutamaule.com\/de\/wp-json\/wp\/v2\/media?parent=7107"}],"curies":[{"name":"wp","href":"https:\/\/api.w.org\/{rel}","templated":true}]}}